{"id":198,"date":"2022-10-09T16:40:10","date_gmt":"2022-10-09T16:40:10","guid":{"rendered":"https:\/\/simeletronica.com.br\/wordpress\/home\/"},"modified":"2022-12-06T23:56:54","modified_gmt":"2022-12-06T23:56:54","slug":"home","status":"publish","type":"page","link":"https:\/\/simeletronica.com.br\/wordpress\/","title":{"rendered":"Home"},"content":{"rendered":"\n\n\n<h1>Produtos e Projetos<\/h1>\n\n<h4><strong>Desenvolvemos e produzimos equipamentos profissionais dedicados a radio transmiss\u00e3o.<\/strong><\/h4>\n<h4><strong> Filtros de Rejei\u00e7\u00e3o, Combinadores, Cargas Coaxiais e Coletores de Amostra de RF. <\/strong><\/h4>\n<h4><strong><span style=\"background-color: rgb(230, 0, 0);\"><\/span>Temos solu\u00e7\u00f5es customizadas para atender demandas espec\u00edficas com produtos nacionalizados de alta performance a custos competitivos.<\/strong><\/h4>\n\n\n<p><span style=\"text-align: justify; background-image: initial; background-position: initial; background-size: initial; background-repeat: initial; background-attachment: initial; background-origin: initial; background-clip: initial; color: black;\">Filtro de rejei\u00e7\u00e3o de\nfrequ\u00eancia para supress\u00e3o de interfer\u00eancias e<\/span><span style=\"text-align: justify;\">m transmiss\u00f5es Broadcasting de acordo com as normas e determina\u00e7\u00f5es do\nMinist\u00e9rio das Comunica\u00e7\u00f5es.<\/span><\/p>\n\n\n\n<p style=\"line-height: 1.5; font-size: medium;\">Otimiza\u00e7\u00e3o de infraestrutura utilizando transmissores de frequ\u00eancias diferentes em uma<span style=\"line-height:0.9;\"><span style=\"\"><\/span><\/span> \u00fanica antena wideband.<\/p>\n\n\n\n<p>Para suporte de Trasmissores em stand-by ou uso em manuten\u00e7\u00e3o de equipamentos de radiotransmiss\u00e3o. Modelos de at\u00e9 3000 Watts para as faixas de FM, VHF e UHF.<\/p>\n\n\n\n\n\n\n\n<h2>SIM Eletr\u00f4nica<\/h2>\n\n\n<p class=\"MsoNormal\" style=\"text-align:justify\"><span style=\"font-size:12.0pt;\nline-height:107%;font-family:&quot;Arial&quot;,sans-serif\">Desde o ano de 2003 a SIM\npercorre sua trajet\u00f3ria junto \u00e0s inova\u00e7\u00f5es tecnol\u00f3gicas das transmiss\u00f5es\ndigitais.<o:p><\/o:p><\/span><\/p><p class=\"MsoNormal\" style=\"text-align:justify\"><span style=\"font-size:12.0pt;\nline-height:107%;font-family:&quot;Arial&quot;,sans-serif\">Antes disso, ainda com os\nequipamentos anal\u00f3gicos, surgiu a necessidade de manuten\u00e7\u00e3o de equipamentos que\ns\u00f3 poderiam ser reparados fora do Brasil, principalmente nos Estados Unidos.<o:p><\/o:p><\/span><\/p><p class=\"MsoNormal\" style=\"text-align:justify\"><span style=\"font-size:12.0pt;\nline-height:107%;font-family:&quot;Arial&quot;,sans-serif\">J\u00e1 conhecida por toda regi\u00e3o\nSul e Norte do pa\u00eds por prestar servi\u00e7os de manuten\u00e7\u00e3o em equipamentos e\nsistemas de r\u00e1dio anal\u00f3gicos, links de microondas m\u00f3veis e fixos e tamb\u00e9m\nmantendo clientes de grandes empresas como as afiliadas da Rede Globo, SBT e\nBandeirantes de televis\u00e3o; a SIM passou a se estabelecer de maneira cada vez\nmais presente no mercado &nbsp;aliando\nconhecimento t\u00e9cnico e profissionalismo.<o:p><\/o:p><\/span><\/p><p class=\"MsoNormal\" style=\"text-align:justify\"><span style=\"font-size:12.0pt;\nline-height:107%;font-family:&quot;Arial&quot;,sans-serif\">A excel\u00eancia no campo de\ncria\u00e7\u00e3o de pe\u00e7as para substituir aquelas que n\u00e3o eram encontradas facilmente\nfez com que a empresa se especializasse cada vez mais em componentes e\nequipamentos feitos sob medida de acordo com a necessidade dos clientes.<o:p><\/o:p><\/span><\/p><p class=\"MsoNormal\" style=\"text-align:justify\"><span style=\"font-size:12.0pt;\nline-height:107%;font-family:&quot;Arial&quot;,sans-serif\">Amplificadores RF de banda L,\ndivisores, samples de RF que j\u00e1 contavam com telemetria para monitoramento\nremoto passaram a ampliar cada vez mais a tecnologia digital do segmento.<o:p><\/o:p><\/span><\/p><p class=\"MsoNormal\" style=\"text-align:justify\"><span style=\"font-size:12.0pt;\nline-height:107%;font-family:&quot;Arial&quot;,sans-serif\">O desenvolvimento de\nequipamentos com sa\u00edda de tens\u00e3o DC proporcional \u00e0s pot\u00eancias para conex\u00e3o M\nfoi uma das grandes contribui\u00e7\u00f5es que a SIM trouxe a fim de adaptar\nequipamentos que antes s\u00f3 poderiam operar com pot\u00eancia m\u00e9dia possibilitando\nassim a amplia\u00e7\u00e3o de todo o sistema de transmiss\u00e3o de r\u00e1dio e TV.<o:p><\/o:p><\/span><\/p><p class=\"MsoNormal\" style=\"text-align:justify\"><span style=\"font-size:12.0pt;\nline-height:107%;font-family:&quot;Arial&quot;,sans-serif\">\u00c1 partir da\u00ed foram s\u00f3\ninova\u00e7\u00f5es e sucessos com equipamentos como os divisores de sinal, CATV,\namplificadores de banda L, manuten\u00e7\u00e3o de links de microondas, samples RF, Watt\u00edmetros,\nfiltros de FM, filtro digital de recep\u00e7\u00e3o, cargas coaxiais de 50 ohms, Power Amplifiers\ndentre outros equipamentos e servi\u00e7os.<o:p><\/o:p><\/span><\/p><p class=\"MsoNormal\" style=\"text-align:justify\"><span style=\"font-size:12.0pt;\nline-height:107%;font-family:&quot;Arial&quot;,sans-serif\">S\u00e3o quase 20 anos de\nexperi\u00eancia e in\u00fameras conquistas alcan\u00e7adas com conhecimento, tecnologia e\nexpertise na \u00e1rea de tecnologia de transmiss\u00e3o.<o:p><\/o:p><\/span><\/p><p>\n\n\n\n\n\n\n\n\n\n\n\n\n\n\n\n<\/p><p class=\"MsoNormal\" style=\"text-align:justify\"><span style=\"font-size:12.0pt;\nline-height:107%;font-family:&quot;Arial&quot;,sans-serif\">O que a SIM oferece \u00e9\ncredibilidade e tecnologia de ponta \u00e0 disposi\u00e7\u00e3o de seus sonhos e projetos na\n\u00e1rea da transmiss\u00e3o digital.<o:p><\/o:p><\/span><\/p>\n\n\n\n\n\n\n","protected":false},"excerpt":{"rendered":"","protected":false},"author":1,"featured_media":0,"parent":0,"menu_order":0,"comment_status":"closed","ping_status":"closed","template":"","meta":{"footnotes":""},"_links":{"self":[{"href":"https:\/\/simeletronica.com.br\/wordpress\/wp-json\/wp\/v2\/pages\/198"}],"collection":[{"href":"https:\/\/simeletronica.com.br\/wordpress\/wp-json\/wp\/v2\/pages"}],"about":[{"href":"https:\/\/simeletronica.com.br\/wordpress\/wp-json\/wp\/v2\/types\/page"}],"author":[{"embeddable":true,"href":"https:\/\/simeletronica.com.br\/wordpress\/wp-json\/wp\/v2\/users\/1"}],"replies":[{"embeddable":true,"href":"https:\/\/simeletronica.com.br\/wordpress\/wp-json\/wp\/v2\/comments?post=198"}],"version-history":[{"count":26,"href":"https:\/\/simeletronica.com.br\/wordpress\/wp-json\/wp\/v2\/pages\/198\/revisions"}],"predecessor-version":[{"id":297,"href":"https:\/\/simeletronica.com.br\/wordpress\/wp-json\/wp\/v2\/pages\/198\/revisions\/297"}],"wp:attachment":[{"href":"https:\/\/simeletronica.com.br\/wordpress\/wp-json\/wp\/v2\/media?parent=198"}],"curies":[{"name":"wp","href":"https:\/\/api.w.org\/{rel}","templated":true}]}}